{"id":12,"date":"2018-10-09T16:01:14","date_gmt":"2018-10-09T16:01:14","guid":{"rendered":"http:\/\/dmn205.manage.the-admins.ch\/?page_id=12"},"modified":"2025-09-12T12:59:01","modified_gmt":"2025-09-12T10:59:01","slug":"startseite","status":"publish","type":"page","link":"http:\/\/www.jnbl.ch\/","title":{"rendered":"Startseite"},"content":{"rendered":"<p><span style=\"font-family: arial,helvetica,sans-serif;\"><span style=\"color: #000000;\"><span style=\"font-family: arial,helvetica,sans-serif; font-size: 11px;\"><span style=\"font-size: 17px;\"><strong><span style=\"font-size: 18px;\">Schon mal einen Frosch gek\u00fcsst?<\/span><\/strong><\/span><\/span><\/span><\/span><\/p>\n<p><span style=\"font-family: arial,helvetica,sans-serif; font-size: 13px;\">Mit dem Jugendnaturschutz Baselland (JNBL) verbringst du abenteuerliche Stunden in der freien Natur! Wir sind eine von ca. 40 Jugendgruppen von Pro Natura. Egal ob du im Zelt \u00fcbernachten, V\u00f6gel beringen oder mehr \u00fcber die Natur erfahren willst \u2013 bei uns bist du am richtigen Ort. Hier wirst Du selber zum Forscher, Naturdetektiven, Waldarbeiter und Natursch\u00fctzer. Einmal im Monat findet am Samstagnachmittag ein Anlass in unserer H\u00fctte in Itingen oder eine Exkursion statt. Ab und zu gibt es ein spannendes Weekend und als H\u00f6hepunkt f\u00fchren wir jeden Sommer ein Lager durch. <\/span><\/p>\n<p><span style=\"font-family: arial,helvetica,sans-serif; font-size: 13px; color: #000000;\">Mit dem Jugendnaturschutz Baselland<\/span><\/p>\n<p><span style=\"font-family: arial,helvetica,sans-serif; font-size: 13px; color: #000000;\">&#8230; kochst Du Spiegeleier \u00fcber dem Lagerfeuer<\/span><\/p>\n<p><span style=\"font-family: arial,helvetica,sans-serif; font-size: 13px; color: #000000;\">&#8230; findest Du geheime Biber-Spuren &#8230;<\/span><\/p>\n<p><span style=\"font-family: arial,helvetica,sans-serif; font-size: 13px; color: #000000;\">&#8230; erf\u00e4hrst Du, wie der Strom in die Steckdose kommt<\/span><\/p>\n<p><span style=\"font-family: arial,helvetica,sans-serif; font-size: 13px; color: #000000;\">&#8230; baust Du Seilbr\u00fccken quer durch den Wald<\/span><\/p>\n<p><span style=\"font-family: arial,helvetica,sans-serif; font-size: 13px; color: #000000;\">&#8230; bastelst Du Sinnvolles aus Sinnlosem<\/span><\/p>\n<p><span style=\"font-family: arial,helvetica,sans-serif; font-size: 13px; color: #000000;\">&#8230; lernst Du Kinder aus der ganzen Schweiz kennen<\/span><\/p>\n<p><span style=\"font-family: arial,helvetica,sans-serif; font-size: 13px; color: #000000;\">&#8230; und vieles mehr!<\/span><\/p>\n<p><span style=\"font-family: arial,helvetica,sans-serif; font-size: 13px; color: #000000;\">Hast Du Lust, bei uns mitzumachen? Wir &#8211; ein junges, aufgestelltes Leitungsteam &#8211; freuen uns auf dich!<\/span><span style=\"font-family: arial,helvetica,sans-serif; font-size: 13px; color: #000000;\">\u00a0<\/span><\/p>\n<p>&nbsp;<\/p>\n<p><span style=\"font-family: arial,helvetica,sans-serif; font-size: 13px; color: #000000;\"> <img data-recalc-dims=\"1\" loading=\"lazy\" decoding=\"async\" data-attachment-id=\"13370\" data-permalink=\"http:\/\/www.jnbl.ch\/?attachment_id=13370\" data-orig-file=\"https:\/\/i0.wp.com\/www.jnbl.ch\/wp-content\/uploads\/2024\/06\/logo_JNBL_PN-e1719391302263.jpg?fit=821%2C290\" data-orig-size=\"821,290\" data-comments-opened=\"0\" data-image-meta=\"{&quot;aperture&quot;:&quot;0&quot;,&quot;credit&quot;:&quot;&quot;,&quot;camera&quot;:&quot;&quot;,&quot;caption&quot;:&quot;&quot;,&quot;created_timestamp&quot;:&quot;0&quot;,&quot;copyright&quot;:&quot;&quot;,&quot;focal_length&quot;:&quot;0&quot;,&quot;iso&quot;:&quot;0&quot;,&quot;shutter_speed&quot;:&quot;0&quot;,&quot;title&quot;:&quot;&quot;,&quot;orientation&quot;:&quot;0&quot;}\" data-image-title=\"logo_JNBL_PN\" data-image-description=\"\" data-image-caption=\"\" data-large-file=\"https:\/\/i0.wp.com\/www.jnbl.ch\/wp-content\/uploads\/2024\/06\/logo_JNBL_PN-e1719391302263.jpg?fit=700%2C394\" class=\"alignright wp-image-13370 size-medium\" src=\"https:\/\/i0.wp.com\/www.jnbl.ch\/wp-content\/uploads\/2024\/06\/logo_JNBL_PN-e1719391302263-300x106.jpg?resize=300%2C106\" alt=\"\" width=\"300\" height=\"106\" srcset=\"https:\/\/i0.wp.com\/www.jnbl.ch\/wp-content\/uploads\/2024\/06\/logo_JNBL_PN-e1719391302263.jpg?resize=300%2C106 300w, https:\/\/i0.wp.com\/www.jnbl.ch\/wp-content\/uploads\/2024\/06\/logo_JNBL_PN-e1719391302263.jpg?resize=768%2C271 768w, https:\/\/i0.wp.com\/www.jnbl.ch\/wp-content\/uploads\/2024\/06\/logo_JNBL_PN-e1719391302263.jpg?w=821 821w\" sizes=\"auto, (max-width: 300px) 100vw, 300px\" \/><\/span><\/p>\n<p>&nbsp;<\/p>\n","protected":false},"excerpt":{"rendered":"<p>Schon mal einen Frosch gek\u00fcsst? Mit dem Jugendnaturschutz Baselland (JNBL) verbringst du abenteuerliche Stunden in der freien Natur! Wir sind eine von ca. 40 Jugendgruppen von Pro Natura. Egal ob du im Zelt \u00fcbernachten, V\u00f6gel beringen oder mehr \u00fcber die&hellip; <\/p>\n","protected":false},"author":1,"featured_media":0,"parent":0,"menu_order":1,"comment_status":"closed","ping_status":"closed","template":"","meta":{"footnotes":"","_links_to":"","_links_to_target":""},"class_list":["post-12","page","type-page","status-publish","hentry"],"jetpack_shortlink":"https:\/\/wp.me\/PalMuN-c","jetpack-related-posts":[],"jetpack_sharing_enabled":true,"_links":{"self":[{"href":"http:\/\/www.jnbl.ch\/index.php?rest_route=\/wp\/v2\/pages\/12","targetHints":{"allow":["GET"]}}],"collection":[{"href":"http:\/\/www.jnbl.ch\/index.php?rest_route=\/wp\/v2\/pages"}],"about":[{"href":"http:\/\/www.jnbl.ch\/index.php?rest_route=\/wp\/v2\/types\/page"}],"author":[{"embeddable":true,"href":"http:\/\/www.jnbl.ch\/index.php?rest_route=\/wp\/v2\/users\/1"}],"replies":[{"embeddable":true,"href":"http:\/\/www.jnbl.ch\/index.php?rest_route=%2Fwp%2Fv2%2Fcomments&post=12"}],"version-history":[{"count":13,"href":"http:\/\/www.jnbl.ch\/index.php?rest_route=\/wp\/v2\/pages\/12\/revisions"}],"predecessor-version":[{"id":16063,"href":"http:\/\/www.jnbl.ch\/index.php?rest_route=\/wp\/v2\/pages\/12\/revisions\/16063"}],"wp:attachment":[{"href":"http:\/\/www.jnbl.ch\/index.php?rest_route=%2Fwp%2Fv2%2Fmedia&parent=12"}],"curies":[{"name":"wp","href":"https:\/\/api.w.org\/{rel}","templated":true}]}}