{"id":81,"date":"2018-10-11T19:14:35","date_gmt":"2018-10-11T19:14:35","guid":{"rendered":"http:\/\/dmn205.manage.the-admins.ch\/?page_id=81"},"modified":"2025-09-15T17:14:44","modified_gmt":"2025-09-15T15:14:44","slug":"agb","status":"publish","type":"page","link":"http:\/\/www.jnbl.ch\/?page_id=81","title":{"rendered":"AGB"},"content":{"rendered":"<ul>\n<li>Der Jugendnaturschutz Baselland beh\u00e4lt sich das Recht vor, Fotos auf denen Personen erkennbar sind, f\u00fcr Werbezwecke zu ver\u00f6ffentlichen.<\/li>\n<li>Lagerkosten m\u00fcssen bis sp\u00e4testens Ende Monat nach Anmeldung Einbezahlt werden.<\/li>\n<li>Anmeldungen f\u00fcr Lager sind erst nach Zahlungseingang der Lagerkosten definitiv.<\/li>\n<li>Bei Absage der Teilnahme an Lagern nach Anmeldung werden 50.- CHF Bearbeitungsgeb\u00fchr verrechnet. Sollte der Platz nicht belegt werden k\u00f6nnen, wird der volle Lagerbetrag belastet.<\/li>\n<li>Eine R\u00fcckerstattung von Lagerkosten erfolgt nur bei Unfall oder Krankheit gegen Vorweisung eines Arztzeugnisses.<\/li>\n<li>Mit der Anmeldung an einem Anlass oder Lager erkl\u00e4ren Sie sich mit der aktuellen <a href=\"http:\/\/www.jnbl.ch\/wp-content\/uploads\/2025\/09\/Datenschutzerklaerung_JNBL_25.pdf\" target=\"_blank\" rel=\"noopener\">Datenschutzerkl\u00e4rung<\/a> des Jugendnaturschutz Baselland einverstanden.<\/li>\n<\/ul>\n<p><img data-recalc-dims=\"1\" loading=\"lazy\" decoding=\"async\" data-attachment-id=\"13370\" data-permalink=\"http:\/\/www.jnbl.ch\/?attachment_id=13370\" data-orig-file=\"https:\/\/i0.wp.com\/www.jnbl.ch\/wp-content\/uploads\/2024\/06\/logo_JNBL_PN-e1719391302263.jpg?fit=821%2C290\" data-orig-size=\"821,290\" data-comments-opened=\"0\" data-image-meta=\"{&quot;aperture&quot;:&quot;0&quot;,&quot;credit&quot;:&quot;&quot;,&quot;camera&quot;:&quot;&quot;,&quot;caption&quot;:&quot;&quot;,&quot;created_timestamp&quot;:&quot;0&quot;,&quot;copyright&quot;:&quot;&quot;,&quot;focal_length&quot;:&quot;0&quot;,&quot;iso&quot;:&quot;0&quot;,&quot;shutter_speed&quot;:&quot;0&quot;,&quot;title&quot;:&quot;&quot;,&quot;orientation&quot;:&quot;0&quot;}\" data-image-title=\"logo_JNBL_PN\" data-image-description=\"\" data-image-caption=\"\" data-large-file=\"https:\/\/i0.wp.com\/www.jnbl.ch\/wp-content\/uploads\/2024\/06\/logo_JNBL_PN-e1719391302263.jpg?fit=700%2C394\" class=\"size-medium wp-image-13370 alignright\" src=\"https:\/\/i0.wp.com\/www.jnbl.ch\/wp-content\/uploads\/2024\/06\/logo_JNBL_PN-e1719391302263-300x106.jpg?resize=300%2C106\" alt=\"\" width=\"300\" height=\"106\" srcset=\"https:\/\/i0.wp.com\/www.jnbl.ch\/wp-content\/uploads\/2024\/06\/logo_JNBL_PN-e1719391302263.jpg?resize=300%2C106 300w, https:\/\/i0.wp.com\/www.jnbl.ch\/wp-content\/uploads\/2024\/06\/logo_JNBL_PN-e1719391302263.jpg?resize=768%2C271 768w, https:\/\/i0.wp.com\/www.jnbl.ch\/wp-content\/uploads\/2024\/06\/logo_JNBL_PN-e1719391302263.jpg?w=821 821w\" sizes=\"auto, (max-width: 300px) 100vw, 300px\" \/><\/p>\n<p>&nbsp;<\/p>\n","protected":false},"excerpt":{"rendered":"<p>Der Jugendnaturschutz Baselland beh\u00e4lt sich das Recht vor, Fotos auf denen Personen erkennbar sind, f\u00fcr Werbezwecke zu ver\u00f6ffentlichen. Lagerkosten m\u00fcssen bis sp\u00e4testens Ende Monat nach Anmeldung Einbezahlt werden. Anmeldungen f\u00fcr Lager sind erst nach Zahlungseingang der Lagerkosten definitiv. Bei Absage&hellip; <\/p>\n","protected":false},"author":1,"featured_media":0,"parent":0,"menu_order":10,"comment_status":"closed","ping_status":"closed","template":"","meta":{"footnotes":"","_links_to":"","_links_to_target":""},"class_list":["post-81","page","type-page","status-publish","hentry"],"jetpack_shortlink":"https:\/\/wp.me\/PalMuN-1j","jetpack-related-posts":[],"jetpack_sharing_enabled":true,"_links":{"self":[{"href":"http:\/\/www.jnbl.ch\/index.php?rest_route=\/wp\/v2\/pages\/81","targetHints":{"allow":["GET"]}}],"collection":[{"href":"http:\/\/www.jnbl.ch\/index.php?rest_route=\/wp\/v2\/pages"}],"about":[{"href":"http:\/\/www.jnbl.ch\/index.php?rest_route=\/wp\/v2\/types\/page"}],"author":[{"embeddable":true,"href":"http:\/\/www.jnbl.ch\/index.php?rest_route=\/wp\/v2\/users\/1"}],"replies":[{"embeddable":true,"href":"http:\/\/www.jnbl.ch\/index.php?rest_route=%2Fwp%2Fv2%2Fcomments&post=81"}],"version-history":[{"count":9,"href":"http:\/\/www.jnbl.ch\/index.php?rest_route=\/wp\/v2\/pages\/81\/revisions"}],"predecessor-version":[{"id":16099,"href":"http:\/\/www.jnbl.ch\/index.php?rest_route=\/wp\/v2\/pages\/81\/revisions\/16099"}],"wp:attachment":[{"href":"http:\/\/www.jnbl.ch\/index.php?rest_route=%2Fwp%2Fv2%2Fmedia&parent=81"}],"curies":[{"name":"wp","href":"https:\/\/api.w.org\/{rel}","templated":true}]}}